{"id":999,"date":"2023-02-06T21:00:58","date_gmt":"2023-02-06T20:00:58","guid":{"rendered":"https:\/\/rakelcraft.com\/?post_type=product&#038;p=999"},"modified":"2023-09-26T09:49:04","modified_gmt":"2023-09-26T07:49:04","slug":"cardigan-saint-tropez","status":"publish","type":"product","link":"https:\/\/rakelcraft.com\/index.php\/producto\/cardigan-saint-tropez\/","title":{"rendered":"Cardigan Saint Tropez"},"content":{"rendered":"<p>Verano. Calles adoquinadas, edificios pintorescos, extraordinarias vistas al mar, antiguos pueblos de pescadores, naturaleza, playas y en un deseado lugar de vacaciones.<\/p>\n<p>Tejer. Puntos calados, fibras fresquitas, texturas sencillas, rayas, glamour, chales, calcetines,\u00a0 tops y chaquetas.<\/p>\n<p>Eso es todo lo que inspira este c\u00e1rdigan que te acompa\u00f1ar\u00e1 en las noches de verano.<\/p>\n<p>Pero no solo en verano, si cambias la fibra a la lana que m\u00e1s te guste tambi\u00e9n podr\u00e1 acompa\u00f1arte todo el a\u00f1o.<\/p>\n<p>NIVEL:<br \/>\nIntermedio.<br \/>\nTejer punto del derecho, rev\u00e9s, hacer aumentos, disminuciones y levantar puntos<\/p>\n<p>CONSTRUCCI\u00d3N<br \/>\nEsta chaqueta se teje con una estructura top-down, es decir, de arriba abajo y sin costuras.<br \/>\nSe comenzar\u00e1 tejiendo el cuello en punto el\u00e1stico retorcido, se pasar\u00e1 a tejer los martillos, las mangas montadas hasta haber tejido completamente el canes\u00fa. Despu\u00e9s se separar\u00e1n mangas, se dejar\u00e1n en espera para tejer el cuerpo<br \/>\nPosteriormente, se recuperar\u00e1n los puntos de las mangas para tejerlas en circular.<br \/>\nLas mangas y el pecho llevan un calado de 10 vueltas, una vez tejida la vuelta 10 se volver\u00eda a comenzar con la vuelta 1.<br \/>\nPor \u00faltimo, se levantar\u00e1n los puntos para tejer las tiras de la botonadura.<\/p>\n<p>TALLAS<br \/>\n1 (2, 3)<br \/>\nEn la imagen llevo la talla 2<\/p>\n<p>MEDIDAS DE LA PRENDA<br \/>\nContorno de pecho: 91-96 (101-105, 111-117) cm<br \/>\nLargo total: 53 cm<br \/>\nLargo de manga: 47 (47,48) cm<\/p>\n<p>HILO<br \/>\nSchachenmayr Dinora (45% Poli\u00e9ster, 36% Viscosa, 19% Algod\u00f3n; 50 g\/115 mts) : 7 (7, 9) ovillos.<br \/>\nEl color empleado en la fotograf\u00eda es el 050 Marino<\/p>\n","protected":false},"excerpt":{"rendered":"<p>Verano. Calles adoquinadas, edificios pintorescos, extraordinarias vistas al mar, antiguos pueblos de pescadores, naturaleza, playas y en un deseado lugar de vacaciones. Tejer. Puntos calados, fibras fresquitas, texturas sencillas, rayas, glamour, chales, calcetines,\u00a0 tops y chaquetas. Eso es todo lo que inspira este c\u00e1rdigan que te acompa\u00f1ar\u00e1 en las noches de verano. Pero no solo [&hellip;]<\/p>\n","protected":false},"featured_media":754,"comment_status":"open","ping_status":"closed","template":"","meta":{"site-sidebar-layout":"default","site-content-layout":"default","ast-site-content-layout":"default","site-content-style":"default","site-sidebar-style":"default","ast-global-header-display":"","ast-banner-title-visibility":"","ast-main-header-display":"","ast-hfb-above-header-display":"","ast-hfb-below-header-display":"","ast-hfb-mobile-header-display":"","site-post-title":"","ast-breadcrumbs-content":"","ast-featured-img":"","footer-sml-layout":"","theme-transparent-header-meta":"default","adv-header-id-meta":"","stick-header-meta":"","header-above-stick-meta":"","header-main-stick-meta":"","header-below-stick-meta":"","astra-migrate-meta-layouts":"default","ast-page-background-enabled":"default","ast-page-background-meta":{"desktop":{"background-color":"var(--ast-global-color-4)","background-image":"","background-repeat":"repeat","background-position":"center center","background-size":"auto","background-attachment":"scroll","background-type":"","background-media":"","overlay-type":"","overlay-color":"","overlay-opacity":"","overlay-gradient":""},"tablet":{"background-color":"","background-image":"","background-repeat":"repeat","background-position":"center center","background-size":"auto","background-attachment":"scroll","background-type":"","background-media":"","overlay-type":"","overlay-color":"","overlay-opacity":"","overlay-gradient":""},"mobile":{"background-color":"","background-image":"","background-repeat":"repeat","background-position":"center center","background-size":"auto","background-attachment":"scroll","background-type":"","background-media":"","overlay-type":"","overlay-color":"","overlay-opacity":"","overlay-gradient":""}},"ast-content-background-meta":{"desktop":{"background-color":"var(--ast-global-color-5)","background-image":"","background-repeat":"repeat","background-position":"center center","background-size":"auto","background-attachment":"scroll","background-type":"","background-media":"","overlay-type":"","overlay-color":"","overlay-opacity":"","overlay-gradient":""},"tablet":{"background-color":"var(--ast-global-color-5)","background-image":"","background-repeat":"repeat","background-position":"center center","background-size":"auto","background-attachment":"scroll","background-type":"","background-media":"","overlay-type":"","overlay-color":"","overlay-opacity":"","overlay-gradient":""},"mobile":{"background-color":"var(--ast-global-color-5)","background-image":"","background-repeat":"repeat","background-position":"center center","background-size":"auto","background-attachment":"scroll","background-type":"","background-media":"","overlay-type":"","overlay-color":"","overlay-opacity":"","overlay-gradient":""}}},"product_brand":[],"product_cat":[18],"product_tag":[54,58,30,33,19,22,55,20,42],"class_list":{"0":"post-999","1":"product","2":"type-product","3":"status-publish","4":"has-post-thumbnail","6":"product_cat-patrones-de-punto","7":"product_tag-agujas-circulares","8":"product_tag-cosy","9":"product_tag-crochet","10":"product_tag-dk","11":"product_tag-jersey","12":"product_tag-knit","13":"product_tag-lana","14":"product_tag-topdown","15":"product_tag-verano","16":"desktop-align-left","17":"tablet-align-left","18":"mobile-align-left","20":"first","21":"instock","22":"downloadable","23":"taxable","24":"shipping-taxable","25":"purchasable","26":"product-type-simple"},"jetpack_sharing_enabled":true,"_links":{"self":[{"href":"https:\/\/rakelcraft.com\/index.php\/wp-json\/wp\/v2\/product\/999","targetHints":{"allow":["GET"]}}],"collection":[{"href":"https:\/\/rakelcraft.com\/index.php\/wp-json\/wp\/v2\/product"}],"about":[{"href":"https:\/\/rakelcraft.com\/index.php\/wp-json\/wp\/v2\/types\/product"}],"replies":[{"embeddable":true,"href":"https:\/\/rakelcraft.com\/index.php\/wp-json\/wp\/v2\/comments?post=999"}],"wp:featuredmedia":[{"embeddable":true,"href":"https:\/\/rakelcraft.com\/index.php\/wp-json\/wp\/v2\/media\/754"}],"wp:attachment":[{"href":"https:\/\/rakelcraft.com\/index.php\/wp-json\/wp\/v2\/media?parent=999"}],"wp:term":[{"taxonomy":"product_brand","embeddable":true,"href":"https:\/\/rakelcraft.com\/index.php\/wp-json\/wp\/v2\/product_brand?post=999"},{"taxonomy":"product_cat","embeddable":true,"href":"https:\/\/rakelcraft.com\/index.php\/wp-json\/wp\/v2\/product_cat?post=999"},{"taxonomy":"product_tag","embeddable":true,"href":"https:\/\/rakelcraft.com\/index.php\/wp-json\/wp\/v2\/product_tag?post=999"}],"curies":[{"name":"wp","href":"https:\/\/api.w.org\/{rel}","templated":true}]}}