{"id":823,"date":"2022-11-22T20:27:25","date_gmt":"2022-11-22T19:27:25","guid":{"rendered":"https:\/\/rakelcraft.com\/?post_type=product&#038;p=823"},"modified":"2022-12-15T11:13:27","modified_gmt":"2022-12-15T10:13:27","slug":"chal-mijedo","status":"publish","type":"product","link":"https:\/\/rakelcraft.com\/index.php\/producto\/chal-mijedo\/","title":{"rendered":"Chal Mijedo"},"content":{"rendered":"<p>El Chal Mijedo se teje de arriba hacia abajo, es decir, desde la nuca hacia abajo, comenzando con un montaje Garter Tab.<\/p>\n<p>Es un chal inspirado en el musgo que recubre el precioso monte Mijedo en Cantabria.<\/p>\n<p>Espero que lo tejas y te transporte conmigo a los preciosos bosques que nos rodean.<\/p>\n<p>NIVEL: F\u00e1cil<br \/>\nTejer punto del derecho, punto del rev\u00e9s, lazada y disminuciones.<\/p>\n<p>TALLAS: \u00danica<\/p>\n<p>MEDIDAS FINALES DE LA PRENDA (una vez bloqueada): 170x51h cm.<\/p>\n<p>HILO: Lana Merino DK (100 gramos\/200 metros): 2 Ovillos. En mi caso use una madeja de lana merino DK y otra de algod\u00f3n te\u00f1ido a mano de Barcelona Yarns<br \/>\nDe todas formas, como se suele decir, los chales son la gaseosa del tejido, as\u00ed que puedes utilizar cualquier material que tengas por casa. Tan solo debes tener en cuenta de usar un numero m\u00e1s de aguja de lo que indique la etiqueta y tejer hasta obtener el tama\u00f1o deseado.<\/p>\n<p>AGUJAS Y COMPLEMENTOS:<br \/>\nAgujas circulares de 6 mm con cable de 100 cm<br \/>\nTijeras, cinta m\u00e9trica y aguja lanera para rematar cabos. Marcadores para delimitar los motivos<\/p>\n","protected":false},"excerpt":{"rendered":"<p>El Chal Mijedo se teje de arriba hacia abajo, es decir, desde la nuca hacia abajo, comenzando con un montaje Garter Tab. Es un chal inspirado en el musgo que recubre el precioso monte Mijedo en Cantabria. Espero que lo tejas y te transporte conmigo a los preciosos bosques que nos rodean. NIVEL: F\u00e1cil Tejer [&hellip;]<\/p>\n","protected":false},"featured_media":829,"comment_status":"open","ping_status":"closed","template":"","meta":{"site-sidebar-layout":"default","site-content-layout":"default","ast-site-content-layout":"default","site-content-style":"default","site-sidebar-style":"default","ast-global-header-display":"","ast-banner-title-visibility":"","ast-main-header-display":"","ast-hfb-above-header-display":"","ast-hfb-below-header-display":"","ast-hfb-mobile-header-display":"","site-post-title":"","ast-breadcrumbs-content":"","ast-featured-img":"","footer-sml-layout":"","theme-transparent-header-meta":"default","adv-header-id-meta":"","stick-header-meta":"","header-above-stick-meta":"","header-main-stick-meta":"","header-below-stick-meta":"","astra-migrate-meta-layouts":"default","ast-page-background-enabled":"default","ast-page-background-meta":{"desktop":{"background-color":"var(--ast-global-color-4)","background-image":"","background-repeat":"repeat","background-position":"center center","background-size":"auto","background-attachment":"scroll","background-type":"","background-media":"","overlay-type":"","overlay-color":"","overlay-opacity":"","overlay-gradient":""},"tablet":{"background-color":"","background-image":"","background-repeat":"repeat","background-position":"center center","background-size":"auto","background-attachment":"scroll","background-type":"","background-media":"","overlay-type":"","overlay-color":"","overlay-opacity":"","overlay-gradient":""},"mobile":{"background-color":"","background-image":"","background-repeat":"repeat","background-position":"center center","background-size":"auto","background-attachment":"scroll","background-type":"","background-media":"","overlay-type":"","overlay-color":"","overlay-opacity":"","overlay-gradient":""}},"ast-content-background-meta":{"desktop":{"background-color":"var(--ast-global-color-5)","background-image":"","background-repeat":"repeat","background-position":"center center","background-size":"auto","background-attachment":"scroll","background-type":"","background-media":"","overlay-type":"","overlay-color":"","overlay-opacity":"","overlay-gradient":""},"tablet":{"background-color":"var(--ast-global-color-5)","background-image":"","background-repeat":"repeat","background-position":"center center","background-size":"auto","background-attachment":"scroll","background-type":"","background-media":"","overlay-type":"","overlay-color":"","overlay-opacity":"","overlay-gradient":""},"mobile":{"background-color":"var(--ast-global-color-5)","background-image":"","background-repeat":"repeat","background-position":"center center","background-size":"auto","background-attachment":"scroll","background-type":"","background-media":"","overlay-type":"","overlay-color":"","overlay-opacity":"","overlay-gradient":""}}},"product_brand":[],"product_cat":[18,28],"product_tag":[54,32,56,58,33,57,22,55,23,20],"class_list":{"0":"post-823","1":"product","2":"type-product","3":"status-publish","4":"has-post-thumbnail","6":"product_cat-patrones-de-punto","7":"product_cat-patronesgratuitos","8":"product_tag-agujas-circulares","9":"product_tag-algodon","10":"product_tag-chal","11":"product_tag-cosy","12":"product_tag-dk","13":"product_tag-invierno","14":"product_tag-knit","15":"product_tag-lana","16":"product_tag-punto","17":"product_tag-topdown","18":"desktop-align-left","19":"tablet-align-left","20":"mobile-align-left","22":"first","23":"instock","24":"downloadable","25":"taxable","26":"shipping-taxable","27":"purchasable","28":"product-type-simple"},"jetpack_sharing_enabled":true,"_links":{"self":[{"href":"https:\/\/rakelcraft.com\/index.php\/wp-json\/wp\/v2\/product\/823","targetHints":{"allow":["GET"]}}],"collection":[{"href":"https:\/\/rakelcraft.com\/index.php\/wp-json\/wp\/v2\/product"}],"about":[{"href":"https:\/\/rakelcraft.com\/index.php\/wp-json\/wp\/v2\/types\/product"}],"replies":[{"embeddable":true,"href":"https:\/\/rakelcraft.com\/index.php\/wp-json\/wp\/v2\/comments?post=823"}],"wp:featuredmedia":[{"embeddable":true,"href":"https:\/\/rakelcraft.com\/index.php\/wp-json\/wp\/v2\/media\/829"}],"wp:attachment":[{"href":"https:\/\/rakelcraft.com\/index.php\/wp-json\/wp\/v2\/media?parent=823"}],"wp:term":[{"taxonomy":"product_brand","embeddable":true,"href":"https:\/\/rakelcraft.com\/index.php\/wp-json\/wp\/v2\/product_brand?post=823"},{"taxonomy":"product_cat","embeddable":true,"href":"https:\/\/rakelcraft.com\/index.php\/wp-json\/wp\/v2\/product_cat?post=823"},{"taxonomy":"product_tag","embeddable":true,"href":"https:\/\/rakelcraft.com\/index.php\/wp-json\/wp\/v2\/product_tag?post=823"}],"curies":[{"name":"wp","href":"https:\/\/api.w.org\/{rel}","templated":true}]}}