{"id":727,"date":"2022-04-18T20:45:27","date_gmt":"2022-04-18T19:45:27","guid":{"rendered":"https:\/\/rakelcraft.com\/?post_type=product&#038;p=727"},"modified":"2025-03-03T11:34:14","modified_gmt":"2025-03-03T10:34:14","slug":"lamia-sweater","status":"publish","type":"product","link":"https:\/\/rakelcraft.com\/index.php\/producto\/lamia-sweater\/","title":{"rendered":"Lamia Sweater"},"content":{"rendered":"<div>Esta jersey est\u00e1 dise\u00f1ado con estructura top-down circular, es decir, de arriba abajo y sin costuras.<br \/>\nSe comenzar\u00e1 tejiendo directamente el canes\u00fa para pasar posteriormente a tejer el cuerpo y las mangas.<br \/>\nPor \u00faltimo, se levantar\u00e1n puntos para tejer los el\u00e1sticos<\/div>\n<div><strong>NIVEL<\/strong>: Intermedio. Tejer punto del derecho, rev\u00e9s, hacer aumentos y disminuciones.<\/div>\n<div><strong>TALLAS<\/strong>: \u00a01 (2, 3, 4). En las fotograf\u00edas llevo la talla 2<\/div>\n<div><strong>PERIMETRO DE LA PRENDA BLOQUEADA<\/strong>: 90 (100, 110, 125) cm<br \/>\n<strong>HOLGURA POSITIVA<\/strong>: entre 5 y 7 cm<\/div>\n<div><strong>HILO<\/strong>: Veggie Silk Casasol (100% Dral\u00f3n; 500 g \/ 1000 mts) : 1 (1, 2, 2) malla(s) con los 5 colores.<\/div>\n<div>Tambi\u00e9n se puede tejer con 450 (500, 550, 650) gr de fibra DK (100 gr\/200 mts.)<\/div>\n<div><strong>NOTA TALLAS 3 Y 4:<\/strong> En caso de que los cambios de color se realizaran cada 22 vueltas en lugar de cada 30, ser\u00eda suficiente con una sola malla de 5 colores en las tallas 3 y 4. Al tejer de \u00e9sta manera el jersey medir\u00eda 48 cm aproximadamente.<\/div>\n<div><strong>AGUJAS Y COMPLEMENTOS:<\/strong><br \/>\nAgujas circulares de 4 y 5 mm (US 8) con cable de 40 cm (16\u201d) para el escote y m\u00e1s largo para el cuerpo, o la medida necesaria para obtener la muestra de tensi\u00f3n. Tijeras, cinta m\u00e9trica y aguja lanera para rematar cabos. 7 marcadores iguales para delimitar los v\u00e9rtices y 1 diferente para indicar el mIV.<\/div>\n<div>\n<p><strong style=\"font-size: 16px;\">MUESTRA\u202fDE TENSI\u00d3N:<\/strong>16 puntos y 27 pasadas para una muestra de 10 x 10 cm en punto jersey, despu\u00e9s de bloquear<\/p>\n<\/div>\n","protected":false},"excerpt":{"rendered":"<p>Kit completo de material y patr\u00f3n.<\/p>\n<p>El Lamia Sweater es la prenda perfecta para entretiempo.<\/p>\n<p>Es ese jersey que todas queremos tejer, f\u00e1cil, pero result\u00f3n.<\/p>\n","protected":false},"featured_media":732,"comment_status":"open","ping_status":"closed","template":"","meta":{"site-sidebar-layout":"default","site-content-layout":"default","ast-site-content-layout":"default","site-content-style":"default","site-sidebar-style":"default","ast-global-header-display":"","ast-banner-title-visibility":"","ast-main-header-display":"","ast-hfb-above-header-display":"","ast-hfb-below-header-display":"","ast-hfb-mobile-header-display":"","site-post-title":"","ast-breadcrumbs-content":"","ast-featured-img":"","footer-sml-layout":"","theme-transparent-header-meta":"default","adv-header-id-meta":"","stick-header-meta":"","header-above-stick-meta":"","header-main-stick-meta":"","header-below-stick-meta":"","astra-migrate-meta-layouts":"set","ast-page-background-enabled":"default","ast-page-background-meta":{"desktop":{"background-color":"var(--ast-global-color-4)","background-image":"","background-repeat":"repeat","background-position":"center center","background-size":"auto","background-attachment":"scroll","background-type":"","background-media":"","overlay-type":"","overlay-color":"","overlay-opacity":"","overlay-gradient":""},"tablet":{"background-color":"","background-image":"","background-repeat":"repeat","background-position":"center center","background-size":"auto","background-attachment":"scroll","background-type":"","background-media":"","overlay-type":"","overlay-color":"","overlay-opacity":"","overlay-gradient":""},"mobile":{"background-color":"","background-image":"","background-repeat":"repeat","background-position":"center center","background-size":"auto","background-attachment":"scroll","background-type":"","background-media":"","overlay-type":"","overlay-color":"","overlay-opacity":"","overlay-gradient":""}},"ast-content-background-meta":{"desktop":{"background-color":"var(--ast-global-color-5)","background-image":"","background-repeat":"repeat","background-position":"center center","background-size":"auto","background-attachment":"scroll","background-type":"","background-media":"","overlay-type":"","overlay-color":"","overlay-opacity":"","overlay-gradient":""},"tablet":{"background-color":"var(--ast-global-color-5)","background-image":"","background-repeat":"repeat","background-position":"center center","background-size":"auto","background-attachment":"scroll","background-type":"","background-media":"","overlay-type":"","overlay-color":"","overlay-opacity":"","overlay-gradient":""},"mobile":{"background-color":"var(--ast-global-color-5)","background-image":"","background-repeat":"repeat","background-position":"center center","background-size":"auto","background-attachment":"scroll","background-type":"","background-media":"","overlay-type":"","overlay-color":"","overlay-opacity":"","overlay-gradient":""}}},"product_brand":[],"product_cat":[18],"product_tag":[32,31,33,19,22,55,23,48,20,49,50],"class_list":{"0":"post-727","1":"product","2":"type-product","3":"status-publish","4":"has-post-thumbnail","6":"product_cat-patrones-de-punto","7":"product_tag-algodon","8":"product_tag-casasol","9":"product_tag-dk","10":"product_tag-jersey","11":"product_tag-knit","12":"product_tag-lana","13":"product_tag-punto","14":"product_tag-sweater","15":"product_tag-topdown","16":"product_tag-veggie","17":"product_tag-veggiesilk","18":"desktop-align-left","19":"tablet-align-left","20":"mobile-align-left","22":"first","23":"instock","24":"downloadable","25":"purchasable","26":"product-type-simple"},"jetpack_sharing_enabled":true,"_links":{"self":[{"href":"https:\/\/rakelcraft.com\/index.php\/wp-json\/wp\/v2\/product\/727","targetHints":{"allow":["GET"]}}],"collection":[{"href":"https:\/\/rakelcraft.com\/index.php\/wp-json\/wp\/v2\/product"}],"about":[{"href":"https:\/\/rakelcraft.com\/index.php\/wp-json\/wp\/v2\/types\/product"}],"replies":[{"embeddable":true,"href":"https:\/\/rakelcraft.com\/index.php\/wp-json\/wp\/v2\/comments?post=727"}],"wp:featuredmedia":[{"embeddable":true,"href":"https:\/\/rakelcraft.com\/index.php\/wp-json\/wp\/v2\/media\/732"}],"wp:attachment":[{"href":"https:\/\/rakelcraft.com\/index.php\/wp-json\/wp\/v2\/media?parent=727"}],"wp:term":[{"taxonomy":"product_brand","embeddable":true,"href":"https:\/\/rakelcraft.com\/index.php\/wp-json\/wp\/v2\/product_brand?post=727"},{"taxonomy":"product_cat","embeddable":true,"href":"https:\/\/rakelcraft.com\/index.php\/wp-json\/wp\/v2\/product_cat?post=727"},{"taxonomy":"product_tag","embeddable":true,"href":"https:\/\/rakelcraft.com\/index.php\/wp-json\/wp\/v2\/product_tag?post=727"}],"curies":[{"name":"wp","href":"https:\/\/api.w.org\/{rel}","templated":true}]}}