{"id":1064,"date":"2025-07-28T21:00:31","date_gmt":"2025-07-28T19:00:31","guid":{"rendered":"https:\/\/rakelcraft.com\/?post_type=product&#038;p=1064"},"modified":"2025-08-04T00:03:50","modified_gmt":"2025-08-03T22:03:50","slug":"top-alai","status":"publish","type":"product","link":"https:\/\/rakelcraft.com\/index.php\/producto\/top-alai\/","title":{"rendered":"Top Alai"},"content":{"rendered":"<p>NIVEL: Intermedio<br \/>\nTejer punto del derecho, rev\u00e9s, hacer aumentos, disminuciones, hacer trenzas y levantar puntos.<\/p>\n<p>CONSTRUCCI\u00d3N<br \/>\nMontar los puntos correspondientes a la espalda y tejer en plano hasta alcanzar la altura de la sisa. Dejar los puntos en espera.<br \/>\nLevantar los puntos correspondientes al delantero derecho y tejer en plano hasta alcanzar la altura de la sisa. Dejar los puntos en espera.<br \/>\nLevantar los puntos correspondientes al delantero izquierdo y tejer en plano hasta alcanzar la altura de la sisa. Dejar los puntos en espera.<br \/>\nRecomiendo dejar los puntos en espera en diferentes cables con topes, de esta manera, cuando se llega al siguiente grupo de puntos que estaban en espera, se sustituye el tope por la aguja que estamos utilizando y seguimos tejiendo normalmente.<br \/>\nEn caso de no disponer de cables adicionales, se puede dejar en una hebra de desecho y antes de empezar a tejer en circular pasar todos los puntos a un mismo cable.<br \/>\nUna vez tejidas las tres secciones, unirlas para comenzar a tejer en circular desde la axila hasta la largura deseada.<br \/>\nEs recomendable utilizar marcadores de puntos para delimitar las repeticiones del motivo.<\/p>\n<p>TALLAS<br \/>\n1 (2, 3, 4, 5, 6)<br \/>\nEn la imagen la modelo lleva la talla 2 en el color 103<\/p>\n<p>MEDIDAS DE LA PRENDA<br \/>\nAncho de hombros (en plano): 39 cm<br \/>\nLargo total: 58 cm<br \/>\nPer\u00edmetro de pecho: 95 (100, 105, 110, 115, 120) cm<\/p>\n<p>HOLGURA POSITIVA: +5 cm<\/p>\n<p>HILO<br \/>\nRubi Diamond (85% algod\u00f3n peinado 8% poliamida 7% poliester metalizado &#8211; 50 g\/115 mts.): 5(5, 5, 5, 6, 6) ovillos<\/p>\n<p>NOTA: Si el top se desea m\u00e1s largo se recomienda comprar un ovillo m\u00e1s de lo que est\u00e1 indicado en el patr\u00f3n en todas las tallas.<\/p>\n<p>AGUJAS Y COMPLEMENTOS<br \/>\nAgujas circulares de 5 mm (US 4) con cable de 100 cm (40\u201d) o la medida necesaria para obtener la<br \/>\nmuestra de tensi\u00f3n.<br \/>\nTijeras, cinta m\u00e9trica y aguja lanera para rematar cabos. 10 Marcadores para facilitar el tejido de calado y<br \/>\n1 diferente para indicar el mIV.<br \/>\nMUESTRA DE TENSI\u00d3N<br \/>\n17 puntos y 26 pasadas para una muestra de 10 x 10 cm en punto jersey, despu\u00e9s de bloquear.<\/p>\n","protected":false},"excerpt":{"rendered":"<p>Crea tu propio top de punto con este patr\u00f3n descargable del <strong data-start=\"253\" data-end=\"265\">Top Alai<\/strong>, una prenda de estilo moderno y femenino. Tejido en plano y en circular, este dise\u00f1o combina trenzas, aumentos y detalles calados, ideal para tejedoras de nivel intermedio. Incluye instrucciones claras, gr\u00e1ficos y tallas desde la 1 hasta la 6. Perfecto para primavera-verano con hilo de algod\u00f3n brillante.<\/p>\n","protected":false},"featured_media":1066,"comment_status":"open","ping_status":"closed","template":"","meta":{"site-sidebar-layout":"default","site-content-layout":"","ast-site-content-layout":"full-width-container","site-content-style":"default","site-sidebar-style":"default","ast-global-header-display":"","ast-banner-title-visibility":"","ast-main-header-display":"","ast-hfb-above-header-display":"","ast-hfb-below-header-display":"","ast-hfb-mobile-header-display":"","site-post-title":"","ast-breadcrumbs-content":"","ast-featured-img":"","footer-sml-layout":"","theme-transparent-header-meta":"default","adv-header-id-meta":"","stick-header-meta":"","header-above-stick-meta":"","header-main-stick-meta":"","header-below-stick-meta":"","astra-migrate-meta-layouts":"set","ast-page-background-enabled":"default","ast-page-background-meta":{"desktop":{"background-color":"var(--ast-global-color-4)","background-image":"","background-repeat":"repeat","background-position":"center center","background-size":"auto","background-attachment":"scroll","background-type":"","background-media":"","overlay-type":"","overlay-color":"","overlay-opacity":"","overlay-gradient":""},"tablet":{"background-color":"","background-image":"","background-repeat":"repeat","background-position":"center center","background-size":"auto","background-attachment":"scroll","background-type":"","background-media":"","overlay-type":"","overlay-color":"","overlay-opacity":"","overlay-gradient":""},"mobile":{"background-color":"","background-image":"","background-repeat":"repeat","background-position":"center center","background-size":"auto","background-attachment":"scroll","background-type":"","background-media":"","overlay-type":"","overlay-color":"","overlay-opacity":"","overlay-gradient":""}},"ast-content-background-meta":{"desktop":{"background-color":"var(--ast-global-color-5)","background-image":"","background-repeat":"repeat","background-position":"center center","background-size":"auto","background-attachment":"scroll","background-type":"","background-media":"","overlay-type":"","overlay-color":"","overlay-opacity":"","overlay-gradient":""},"tablet":{"background-color":"var(--ast-global-color-5)","background-image":"","background-repeat":"repeat","background-position":"center center","background-size":"auto","background-attachment":"scroll","background-type":"","background-media":"","overlay-type":"","overlay-color":"","overlay-opacity":"","overlay-gradient":""},"mobile":{"background-color":"var(--ast-global-color-5)","background-image":"","background-repeat":"repeat","background-position":"center center","background-size":"auto","background-attachment":"scroll","background-type":"","background-media":"","overlay-type":"","overlay-color":"","overlay-opacity":"","overlay-gradient":""}}},"product_brand":[],"product_cat":[18],"product_tag":[54,32,40,33,22,55,23,20,42],"class_list":{"0":"post-1064","1":"product","2":"type-product","3":"status-publish","4":"has-post-thumbnail","6":"product_cat-patrones-de-punto","7":"product_tag-agujas-circulares","8":"product_tag-algodon","9":"product_tag-boho","10":"product_tag-dk","11":"product_tag-knit","12":"product_tag-lana","13":"product_tag-punto","14":"product_tag-topdown","15":"product_tag-verano","16":"desktop-align-left","17":"tablet-align-left","18":"mobile-align-left","20":"first","21":"instock","22":"downloadable","23":"virtual","24":"purchasable","25":"product-type-simple"},"jetpack_sharing_enabled":true,"_links":{"self":[{"href":"https:\/\/rakelcraft.com\/index.php\/wp-json\/wp\/v2\/product\/1064","targetHints":{"allow":["GET"]}}],"collection":[{"href":"https:\/\/rakelcraft.com\/index.php\/wp-json\/wp\/v2\/product"}],"about":[{"href":"https:\/\/rakelcraft.com\/index.php\/wp-json\/wp\/v2\/types\/product"}],"replies":[{"embeddable":true,"href":"https:\/\/rakelcraft.com\/index.php\/wp-json\/wp\/v2\/comments?post=1064"}],"wp:featuredmedia":[{"embeddable":true,"href":"https:\/\/rakelcraft.com\/index.php\/wp-json\/wp\/v2\/media\/1066"}],"wp:attachment":[{"href":"https:\/\/rakelcraft.com\/index.php\/wp-json\/wp\/v2\/media?parent=1064"}],"wp:term":[{"taxonomy":"product_brand","embeddable":true,"href":"https:\/\/rakelcraft.com\/index.php\/wp-json\/wp\/v2\/product_brand?post=1064"},{"taxonomy":"product_cat","embeddable":true,"href":"https:\/\/rakelcraft.com\/index.php\/wp-json\/wp\/v2\/product_cat?post=1064"},{"taxonomy":"product_tag","embeddable":true,"href":"https:\/\/rakelcraft.com\/index.php\/wp-json\/wp\/v2\/product_tag?post=1064"}],"curies":[{"name":"wp","href":"https:\/\/api.w.org\/{rel}","templated":true}]}}