{"id":1043,"date":"2025-02-03T20:29:08","date_gmt":"2025-02-03T19:29:08","guid":{"rendered":"https:\/\/rakelcraft.com\/?post_type=product&#038;p=1043"},"modified":"2025-03-03T11:02:43","modified_gmt":"2025-03-03T10:02:43","slug":"rebeca-brisa","status":"publish","type":"product","link":"https:\/\/rakelcraft.com\/index.php\/producto\/rebeca-brisa\/","title":{"rendered":"Rebeca Brisa"},"content":{"rendered":"<p>Si te encanta tejer y buscas un proyecto bonito y vers\u00e1til, <strong>Rebeca Brisa<\/strong> es para ti. Es una chaqueta de punto con construcci\u00f3n <strong>top-down y estructura ragl\u00e1n<\/strong>, perfecta para tejedoras de nivel intermedio. Se teje en plano desde el cuello hasta la separaci\u00f3n de las mangas y luego en circular, con detalles que hacen que el resultado sea s\u00faper especial.<\/p>\n<p>\ud83d\udd39 <strong>\u00bfQu\u00e9 necesitas saber?<\/strong> Punto derecho y rev\u00e9s, aumentos, disminuciones, trenzas, vueltas cortas y levantar puntos.<br \/>\n\ud83d\udd39 <strong>Tallas disponibles<\/strong>: 90 cm a 115 cm de contorno de pecho.<br \/>\n\ud83d\udd39 <strong>Hilo recomendado<\/strong>: Rubi Dueto (57% Algod\u00f3n, 43% Merino Superwash), pero puedes usar cualquier lana similar. 6 (6, 7, 7, 8, 8) ovillos (El modelo de las fotograf\u00edas est\u00e1 tejido con el color 013)<\/p>\n<p>\ud83d\udd39 <strong>Agujas<\/strong>: Circulares de 4.5 mm y 4 mm para los pu\u00f1os.<br \/>\n\ud83d\udd39 <strong>Extras<\/strong>: 11 botones de 15 mm, cinta m\u00e9trica, marcadores y aguja lanera.<\/p>\n<p>\ud83d\udce9 <strong>El patr\u00f3n es un PDF descargable<\/strong>, con instrucciones detalladas y gr\u00e1ficos para que disfrutes tejiendo sin complicaciones.<\/p>\n<p>\ud83d\udcf8 Me encantar\u00e1 ver tu versi\u00f3n de <strong>#RebecaBrisa<\/strong>, as\u00ed que si lo compartes en redes, etiqu\u00e9tame en <strong>@rakelcraft<\/strong>.<\/p>\n","protected":false},"excerpt":{"rendered":"<p>Si te encanta tejer y buscas un proyecto bonito y vers\u00e1til, Rebeca Brisa es para ti. Es una chaqueta de punto con construcci\u00f3n top-down y estructura ragl\u00e1n, perfecta para tejedoras de nivel intermedio. Se teje en plano desde el cuello hasta la separaci\u00f3n de las mangas y luego en circular, con detalles que hacen que [&hellip;]<\/p>\n","protected":false},"featured_media":1045,"comment_status":"open","ping_status":"closed","template":"","meta":{"site-sidebar-layout":"default","site-content-layout":"","ast-site-content-layout":"default","site-content-style":"default","site-sidebar-style":"default","ast-global-header-display":"","ast-banner-title-visibility":"","ast-main-header-display":"","ast-hfb-above-header-display":"","ast-hfb-below-header-display":"","ast-hfb-mobile-header-display":"","site-post-title":"","ast-breadcrumbs-content":"","ast-featured-img":"","footer-sml-layout":"","theme-transparent-header-meta":"default","adv-header-id-meta":"","stick-header-meta":"","header-above-stick-meta":"","header-main-stick-meta":"","header-below-stick-meta":"","astra-migrate-meta-layouts":"set","ast-page-background-enabled":"default","ast-page-background-meta":{"desktop":{"background-color":"var(--ast-global-color-4)","background-image":"","background-repeat":"repeat","background-position":"center center","background-size":"auto","background-attachment":"scroll","background-type":"","background-media":"","overlay-type":"","overlay-color":"","overlay-opacity":"","overlay-gradient":""},"tablet":{"background-color":"","background-image":"","background-repeat":"repeat","background-position":"center center","background-size":"auto","background-attachment":"scroll","background-type":"","background-media":"","overlay-type":"","overlay-color":"","overlay-opacity":"","overlay-gradient":""},"mobile":{"background-color":"","background-image":"","background-repeat":"repeat","background-position":"center center","background-size":"auto","background-attachment":"scroll","background-type":"","background-media":"","overlay-type":"","overlay-color":"","overlay-opacity":"","overlay-gradient":""}},"ast-content-background-meta":{"desktop":{"background-color":"var(--ast-global-color-5)","background-image":"","background-repeat":"repeat","background-position":"center center","background-size":"auto","background-attachment":"scroll","background-type":"","background-media":"","overlay-type":"","overlay-color":"","overlay-opacity":"","overlay-gradient":""},"tablet":{"background-color":"var(--ast-global-color-5)","background-image":"","background-repeat":"repeat","background-position":"center center","background-size":"auto","background-attachment":"scroll","background-type":"","background-media":"","overlay-type":"","overlay-color":"","overlay-opacity":"","overlay-gradient":""},"mobile":{"background-color":"var(--ast-global-color-5)","background-image":"","background-repeat":"repeat","background-position":"center center","background-size":"auto","background-attachment":"scroll","background-type":"","background-media":"","overlay-type":"","overlay-color":"","overlay-opacity":"","overlay-gradient":""}}},"product_brand":[],"product_cat":[18],"product_tag":[54,32,33,22,55,23,20,21],"class_list":{"0":"post-1043","1":"product","2":"type-product","3":"status-publish","4":"has-post-thumbnail","6":"product_cat-patrones-de-punto","7":"product_tag-agujas-circulares","8":"product_tag-algodon","9":"product_tag-dk","10":"product_tag-knit","11":"product_tag-lana","12":"product_tag-punto","13":"product_tag-topdown","14":"product_tag-tricot","15":"desktop-align-left","16":"tablet-align-left","17":"mobile-align-left","19":"first","20":"instock","21":"downloadable","22":"purchasable","23":"product-type-simple"},"jetpack_sharing_enabled":true,"_links":{"self":[{"href":"https:\/\/rakelcraft.com\/index.php\/wp-json\/wp\/v2\/product\/1043","targetHints":{"allow":["GET"]}}],"collection":[{"href":"https:\/\/rakelcraft.com\/index.php\/wp-json\/wp\/v2\/product"}],"about":[{"href":"https:\/\/rakelcraft.com\/index.php\/wp-json\/wp\/v2\/types\/product"}],"replies":[{"embeddable":true,"href":"https:\/\/rakelcraft.com\/index.php\/wp-json\/wp\/v2\/comments?post=1043"}],"wp:featuredmedia":[{"embeddable":true,"href":"https:\/\/rakelcraft.com\/index.php\/wp-json\/wp\/v2\/media\/1045"}],"wp:attachment":[{"href":"https:\/\/rakelcraft.com\/index.php\/wp-json\/wp\/v2\/media?parent=1043"}],"wp:term":[{"taxonomy":"product_brand","embeddable":true,"href":"https:\/\/rakelcraft.com\/index.php\/wp-json\/wp\/v2\/product_brand?post=1043"},{"taxonomy":"product_cat","embeddable":true,"href":"https:\/\/rakelcraft.com\/index.php\/wp-json\/wp\/v2\/product_cat?post=1043"},{"taxonomy":"product_tag","embeddable":true,"href":"https:\/\/rakelcraft.com\/index.php\/wp-json\/wp\/v2\/product_tag?post=1043"}],"curies":[{"name":"wp","href":"https:\/\/api.w.org\/{rel}","templated":true}]}}