{"id":1017,"date":"2023-08-01T20:45:43","date_gmt":"2023-08-01T19:45:43","guid":{"rendered":"https:\/\/rakelcraft.com\/?post_type=product&#038;p=1017"},"modified":"2023-08-02T14:12:49","modified_gmt":"2023-08-02T12:12:49","slug":"kit-material-patron-top-gominola","status":"publish","type":"product","link":"https:\/\/rakelcraft.com\/index.php\/producto\/kit-material-patron-top-gominola\/","title":{"rendered":"Kit material + patr\u00f3n Top Gominola"},"content":{"rendered":"<p><strong>NIVEL<\/strong>: Intermedio<br \/>\nTejer punto del derecho, rev\u00e9s, hacer aumentos y disminuciones.<\/p>\n<p><strong>CONSTRUCCI\u00d3N<\/strong><br \/>\nEsta top se teje con una estructura top-down circular, es decir, de arriba abajo y sin costuras.<br \/>\nSe comenzar\u00e1 tejiendo el cuello con punto bobo, se har\u00e1n tres vueltas de aumentos, otras vueltas finales en punto bobo, se separar\u00e1n mangas, cerrando los puntos correspondientes para finalmente tejer el cuerpo.<\/p>\n<p><strong>TALLAS<\/strong><br \/>\n1 (2, 3,4)<br \/>\nEn la imagen llevo la talla 2<\/p>\n<p><strong>MEDIDAS DE LA PRENDA<\/strong><br \/>\nContorno de pecho &#8211; 90 (95, 100, 110) cm<br \/>\nLargo total versi\u00f3n crop top\u2013 40 cm<\/p>\n<p><strong>HOLGURA<\/strong>: Neutra<\/p>\n<p><strong>HILO<\/strong><br \/>\nRub\u00ed Gominola (100% Microfibra Acr\u00edlica &#8211; 100 mgr\/320 gr) &#8211; 2 (2, 2, 3).<br \/>\nEl color empleado en la fotograf\u00eda es el 100<\/p>\n<p>Aunque la versi\u00f3n de la fotograf\u00eda muestra un crop top, es posible obtener una versi\u00f3n m\u00e1s larga utilizando el mismo material.<\/p>\n<p><strong>NOTA: Tambi\u00e9n se podr\u00eda tejer con cualquier hilado con una proporci\u00f3n 100 gr \u2013 360 mts. De tejerlo as\u00ed se necesitar\u00edan: 530 (560, 590, 659) mts.<\/strong><\/p>\n<p><strong>AGUJAS<\/strong><\/p>\n<p>Agujas circulares de 3.5 mm<\/p>\n","protected":false},"excerpt":{"rendered":"<p>NIVEL: Intermedio Tejer punto del derecho, rev\u00e9s, hacer aumentos y disminuciones. CONSTRUCCI\u00d3N Esta top se teje con una estructura top-down circular, es decir, de arriba abajo y sin costuras. Se comenzar\u00e1 tejiendo el cuello con punto bobo, se har\u00e1n tres vueltas de aumentos, otras vueltas finales en punto bobo, se separar\u00e1n mangas, cerrando los puntos [&hellip;]<\/p>\n","protected":false},"featured_media":1011,"comment_status":"open","ping_status":"closed","template":"","meta":{"site-sidebar-layout":"default","site-content-layout":"default","ast-site-content-layout":"default","site-content-style":"default","site-sidebar-style":"default","ast-global-header-display":"","ast-banner-title-visibility":"","ast-main-header-display":"","ast-hfb-above-header-display":"","ast-hfb-below-header-display":"","ast-hfb-mobile-header-display":"","site-post-title":"","ast-breadcrumbs-content":"","ast-featured-img":"","footer-sml-layout":"","theme-transparent-header-meta":"default","adv-header-id-meta":"","stick-header-meta":"","header-above-stick-meta":"","header-main-stick-meta":"","header-below-stick-meta":"","astra-migrate-meta-layouts":"default","ast-page-background-enabled":"default","ast-page-background-meta":{"desktop":{"background-color":"var(--ast-global-color-4)","background-image":"","background-repeat":"repeat","background-position":"center center","background-size":"auto","background-attachment":"scroll","background-type":"","background-media":"","overlay-type":"","overlay-color":"","overlay-opacity":"","overlay-gradient":""},"tablet":{"background-color":"","background-image":"","background-repeat":"repeat","background-position":"center center","background-size":"auto","background-attachment":"scroll","background-type":"","background-media":"","overlay-type":"","overlay-color":"","overlay-opacity":"","overlay-gradient":""},"mobile":{"background-color":"","background-image":"","background-repeat":"repeat","background-position":"center center","background-size":"auto","background-attachment":"scroll","background-type":"","background-media":"","overlay-type":"","overlay-color":"","overlay-opacity":"","overlay-gradient":""}},"ast-content-background-meta":{"desktop":{"background-color":"var(--ast-global-color-5)","background-image":"","background-repeat":"repeat","background-position":"center center","background-size":"auto","background-attachment":"scroll","background-type":"","background-media":"","overlay-type":"","overlay-color":"","overlay-opacity":"","overlay-gradient":""},"tablet":{"background-color":"var(--ast-global-color-5)","background-image":"","background-repeat":"repeat","background-position":"center center","background-size":"auto","background-attachment":"scroll","background-type":"","background-media":"","overlay-type":"","overlay-color":"","overlay-opacity":"","overlay-gradient":""},"mobile":{"background-color":"var(--ast-global-color-5)","background-image":"","background-repeat":"repeat","background-position":"center center","background-size":"auto","background-attachment":"scroll","background-type":"","background-media":"","overlay-type":"","overlay-color":"","overlay-opacity":"","overlay-gradient":""}}},"product_brand":[],"product_cat":[18],"product_tag":[54,33,22,20,21,42],"class_list":{"0":"post-1017","1":"product","2":"type-product","3":"status-publish","4":"has-post-thumbnail","6":"product_cat-patrones-de-punto","7":"product_tag-agujas-circulares","8":"product_tag-dk","9":"product_tag-knit","10":"product_tag-topdown","11":"product_tag-tricot","12":"product_tag-verano","13":"desktop-align-left","14":"tablet-align-left","15":"mobile-align-left","17":"first","18":"instock","19":"taxable","20":"shipping-taxable","21":"product-type-external"},"jetpack_sharing_enabled":true,"_links":{"self":[{"href":"https:\/\/rakelcraft.com\/index.php\/wp-json\/wp\/v2\/product\/1017","targetHints":{"allow":["GET"]}}],"collection":[{"href":"https:\/\/rakelcraft.com\/index.php\/wp-json\/wp\/v2\/product"}],"about":[{"href":"https:\/\/rakelcraft.com\/index.php\/wp-json\/wp\/v2\/types\/product"}],"replies":[{"embeddable":true,"href":"https:\/\/rakelcraft.com\/index.php\/wp-json\/wp\/v2\/comments?post=1017"}],"wp:featuredmedia":[{"embeddable":true,"href":"https:\/\/rakelcraft.com\/index.php\/wp-json\/wp\/v2\/media\/1011"}],"wp:attachment":[{"href":"https:\/\/rakelcraft.com\/index.php\/wp-json\/wp\/v2\/media?parent=1017"}],"wp:term":[{"taxonomy":"product_brand","embeddable":true,"href":"https:\/\/rakelcraft.com\/index.php\/wp-json\/wp\/v2\/product_brand?post=1017"},{"taxonomy":"product_cat","embeddable":true,"href":"https:\/\/rakelcraft.com\/index.php\/wp-json\/wp\/v2\/product_cat?post=1017"},{"taxonomy":"product_tag","embeddable":true,"href":"https:\/\/rakelcraft.com\/index.php\/wp-json\/wp\/v2\/product_tag?post=1017"}],"curies":[{"name":"wp","href":"https:\/\/api.w.org\/{rel}","templated":true}]}}