{"id":214,"date":"2021-11-12T09:56:26","date_gmt":"2021-11-12T09:56:26","guid":{"rendered":"https:\/\/rakelcraft.com\/?page_id=214"},"modified":"2023-08-25T10:01:33","modified_gmt":"2023-08-25T08:01:33","slug":"sobre-mi","status":"publish","type":"page","link":"https:\/\/rakelcraft.com\/index.php\/sobre-mi\/","title":{"rendered":"Sobre m\u00ed"},"content":{"rendered":"\t\t<div data-elementor-type=\"wp-page\" data-elementor-id=\"214\" class=\"elementor elementor-214\">\n\t\t\t\t\t\t<section class=\"elementor-section elementor-top-section elementor-element elementor-element-6c4fe0fa elementor-section-content-middle elementor-section-boxed elementor-section-height-default elementor-section-height-default\" data-id=\"6c4fe0fa\" data-element_type=\"section\" data-e-type=\"section\">\n\t\t\t\t\t\t<div class=\"elementor-container elementor-column-gap-no\">\n\t\t\t\t\t<div class=\"elementor-column elementor-col-50 elementor-top-column elementor-element elementor-element-d3abc4b\" data-id=\"d3abc4b\" data-element_type=\"column\" data-e-type=\"column\">\n\t\t\t<div class=\"elementor-widget-wrap elementor-element-populated\">\n\t\t\t\t\t\t<div class=\"elementor-element elementor-element-3e30cea1 elementor-widget elementor-widget-image\" data-id=\"3e30cea1\" data-element_type=\"widget\" data-e-type=\"widget\" data-widget_type=\"image.default\">\n\t\t\t\t<div class=\"elementor-widget-container\">\n\t\t\t\t\t\t\t\t\t\t\t\t\t\t\t<img fetchpriority=\"high\" decoding=\"async\" width=\"1160\" height=\"2110\" src=\"https:\/\/rakelcraft.com\/wp-content\/uploads\/2021\/11\/1636711646303.jpeg\" class=\"attachment-full size-full wp-image-424\" alt=\"\" srcset=\"https:\/\/rakelcraft.com\/wp-content\/uploads\/2021\/11\/1636711646303.jpeg 1160w, https:\/\/rakelcraft.com\/wp-content\/uploads\/2021\/11\/1636711646303-300x546.jpeg 300w, https:\/\/rakelcraft.com\/wp-content\/uploads\/2021\/11\/1636711646303-165x300.jpeg 165w, https:\/\/rakelcraft.com\/wp-content\/uploads\/2021\/11\/1636711646303-563x1024.jpeg 563w, https:\/\/rakelcraft.com\/wp-content\/uploads\/2021\/11\/1636711646303-768x1397.jpeg 768w, https:\/\/rakelcraft.com\/wp-content\/uploads\/2021\/11\/1636711646303-844x1536.jpeg 844w, https:\/\/rakelcraft.com\/wp-content\/uploads\/2021\/11\/1636711646303-1126x2048.jpeg 1126w\" sizes=\"(max-width: 1160px) 100vw, 1160px\" \/>\t\t\t\t\t\t\t\t\t\t\t\t\t\t\t<\/div>\n\t\t\t\t<\/div>\n\t\t\t\t\t<\/div>\n\t\t<\/div>\n\t\t\t\t<div class=\"elementor-column elementor-col-50 elementor-top-column elementor-element elementor-element-489a3c5e\" data-id=\"489a3c5e\" data-element_type=\"column\" data-e-type=\"column\">\n\t\t\t<div class=\"elementor-widget-wrap elementor-element-populated\">\n\t\t\t\t\t\t<div class=\"elementor-element elementor-element-75a8f624 elementor-widget elementor-widget-heading\" data-id=\"75a8f624\" data-element_type=\"widget\" data-e-type=\"widget\" data-widget_type=\"heading.default\">\n\t\t\t\t<div class=\"elementor-widget-container\">\n\t\t\t\t\t<h4 class=\"elementor-heading-title elementor-size-default\">Sobre mi<\/h4>\t\t\t\t<\/div>\n\t\t\t\t<\/div>\n\t\t\t\t<div class=\"elementor-element elementor-element-42c81b1c elementor-widget elementor-widget-text-editor\" data-id=\"42c81b1c\" data-element_type=\"widget\" data-e-type=\"widget\" data-widget_type=\"text-editor.default\">\n\t\t\t\t<div class=\"elementor-widget-container\">\n\t\t\t\t\t\t\t\t\t<p><span style=\"color: black; mso-themecolor: text1;\">\u00a1Hola a todos y todas! \u00a1Qu\u00e9 ilusi\u00f3n verte por aqu\u00ed en mi rinconcito virtual!<\/span><\/p>\n<p class=\"MsoNormal\"><span style=\"color: black; mso-themecolor: text1;\">&nbsp;<\/span><span style=\"color: black; font-style: inherit; font-weight: inherit; background-color: var(--ast-global-color-4);\">D\u00e9jame contarte un poquito sobre qui\u00e9n est\u00e1 detr\u00e1s de todo esto. Me llamo Rakel y, aunque vengo del encanto de un pueblito en Vizcaya, llevo casi dos d\u00e9cadas pas\u00e1ndola genial en Cantabria.<\/span><\/p>\n<p class=\"MsoNormal\"><span style=\"color: black; mso-themecolor: text1;\">&nbsp;<\/span><span style=\"color: black; font-style: inherit; font-weight: inherit; background-color: var(--ast-global-color-4);\">Desde que era chiquitita, siempre he sido la loca de las manualidades. \u00a1Mis regalos favoritos eran los que ven\u00edan con papel, tijeras y mucha creatividad! En serio, las papeler\u00edas eran como mi parque de diversiones.<\/span><\/p>\n<p class=\"MsoNormal\"><span style=\"color: black; mso-themecolor: text1;\">&nbsp;<\/span><span style=\"color: black; font-style: inherit; font-weight: inherit; background-color: var(--ast-global-color-4);\">La adolescencia lleg\u00f3 y mis pasatiempos creativos quedaron un poco en el olvido, \u00a1pero tranqui, el bichito craft nunca muri\u00f3 del todo! Despu\u00e9s de un tiempo, volv\u00ed al camino del arte hecho a mano.<\/span><\/p>\n<p class=\"MsoNormal\"><span style=\"color: black; mso-themecolor: text1;\">&nbsp;<\/span><span style=\"color: black; font-style: inherit; font-weight: inherit; background-color: var(--ast-global-color-4);\">Prob\u00e9 de todo: decorar tartas, hacer pulseras molonas, meterme en el mundo del scrapbooking y hasta me aventur\u00e9 con la costura. \u00a1Pero espera, lo mejor estaba por venir! Encontr\u00e9 mi pasi\u00f3n de verdad en el tejido. \u00bfC\u00f3mo empez\u00f3? Pues con unos cojines de ganchillo para mis taburetes, \u00a1y a\u00fan los conservo!<\/span><\/p>\n<p class=\"MsoNormal\"><span style=\"color: black; mso-themecolor: text1;\">&nbsp;<\/span><span style=\"color: black; font-style: inherit; font-weight: inherit; background-color: var(--ast-global-color-4);\">Ah\u00ed fue cuando todo despeg\u00f3. Desde entonces, no he parado de tejer y crear cosas alucinantes.<\/span><\/p>\n<p class=\"MsoNormal\"><span style=\"color: black; mso-themecolor: text1;\">&nbsp;<\/span><span style=\"color: black; font-style: inherit; font-weight: inherit; background-color: var(--ast-global-color-4);\">Ah, por cierto, tambi\u00e9n me encanta dise\u00f1ar patrones de punto y ganchillo. Si te mola eso de crear con hilos, \u00e9chale un ojo a la secci\u00f3n de patrones, \u00a1te va a encantar!<\/span><\/p>\n<p class=\"MsoNormal\"><span style=\"color: black; mso-themecolor: text1;\">&nbsp;<\/span><span style=\"font-style: inherit; font-weight: inherit; background-color: var(--ast-global-color-4); color: black;\">Bueno, en fin, espero que en este rinconcito virtual encuentres montones de inspiraci\u00f3n y te animes a tejer tus propios sue\u00f1os. \u00a1Nos vemos entre lanas y agujas! \u00a1Abrazos y ovillos virtuales! <\/span><span style=\"font-style: inherit; font-weight: inherit; background-color: var(--ast-global-color-4); font-family: &quot;Segoe UI Emoji&quot;, sans-serif; color: black;\"><img decoding=\"async\" draggable=\"false\" role=\"img\" class=\"emoji\" alt=\"\ud83e\uddf6\" src=\"https:\/\/s.w.org\/images\/core\/emoji\/14.0.0\/svg\/1f9f6.svg\"><img decoding=\"async\" draggable=\"false\" role=\"img\" class=\"emoji\" alt=\"\ud83c\udf1f\" src=\"https:\/\/s.w.org\/images\/core\/emoji\/14.0.0\/svg\/1f31f.svg\"><\/span><\/p>\t\t\t\t\t\t\t\t<\/div>\n\t\t\t\t<\/div>\n\t\t\t\t\t<\/div>\n\t\t<\/div>\n\t\t\t\t\t<\/div>\n\t\t<\/section>\n\t\t\t\t<\/div>\n\t\t","protected":false},"excerpt":{"rendered":"<p>Sobre mi \u00a1Hola a todos y todas! \u00a1Qu\u00e9 ilusi\u00f3n verte por aqu\u00ed en mi rinconcito virtual! &nbsp;D\u00e9jame contarte un poquito sobre qui\u00e9n est\u00e1 detr\u00e1s de todo esto. Me llamo Rakel y, aunque vengo del encanto de un pueblito en Vizcaya, llevo casi dos d\u00e9cadas pas\u00e1ndola genial en Cantabria. &nbsp;Desde que era chiquitita, siempre he sido [&hellip;]<\/p>\n","protected":false},"author":1,"featured_media":0,"parent":0,"menu_order":0,"comment_status":"closed","ping_status":"closed","template":"","meta":{"site-sidebar-layout":"no-sidebar","site-content-layout":"page-builder","ast-site-content-layout":"default","site-content-style":"default","site-sidebar-style":"default","ast-global-header-display":"","ast-banner-title-visibility":"","ast-main-header-display":"","ast-hfb-above-header-display":"","ast-hfb-below-header-display":"","ast-hfb-mobile-header-display":"","site-post-title":"disabled","ast-breadcrumbs-content":"","ast-featured-img":"disabled","footer-sml-layout":"","theme-transparent-header-meta":"","adv-header-id-meta":"","stick-header-meta":"","header-above-stick-meta":"","header-main-stick-meta":"","header-below-stick-meta":"","astra-migrate-meta-layouts":"default","ast-page-background-enabled":"default","ast-page-background-meta":{"desktop":{"background-color":"var(--ast-global-color-4)","background-image":"","background-repeat":"repeat","background-position":"center center","background-size":"auto","background-attachment":"scroll","background-type":"","background-media":"","overlay-type":"","overlay-color":"","overlay-opacity":"","overlay-gradient":""},"tablet":{"background-color":"","background-image":"","background-repeat":"repeat","background-position":"center center","background-size":"auto","background-attachment":"scroll","background-type":"","background-media":"","overlay-type":"","overlay-color":"","overlay-opacity":"","overlay-gradient":""},"mobile":{"background-color":"","background-image":"","background-repeat":"repeat","background-position":"center center","background-size":"auto","background-attachment":"scroll","background-type":"","background-media":"","overlay-type":"","overlay-color":"","overlay-opacity":"","overlay-gradient":""}},"ast-content-background-meta":{"desktop":{"background-color":"var(--ast-global-color-5)","background-image":"","background-repeat":"repeat","background-position":"center center","background-size":"auto","background-attachment":"scroll","background-type":"","background-media":"","overlay-type":"","overlay-color":"","overlay-opacity":"","overlay-gradient":""},"tablet":{"background-color":"var(--ast-global-color-5)","background-image":"","background-repeat":"repeat","background-position":"center center","background-size":"auto","background-attachment":"scroll","background-type":"","background-media":"","overlay-type":"","overlay-color":"","overlay-opacity":"","overlay-gradient":""},"mobile":{"background-color":"var(--ast-global-color-5)","background-image":"","background-repeat":"repeat","background-position":"center center","background-size":"auto","background-attachment":"scroll","background-type":"","background-media":"","overlay-type":"","overlay-color":"","overlay-opacity":"","overlay-gradient":""}},"footnotes":""},"class_list":["post-214","page","type-page","status-publish","hentry"],"jetpack_sharing_enabled":true,"_links":{"self":[{"href":"https:\/\/rakelcraft.com\/index.php\/wp-json\/wp\/v2\/pages\/214","targetHints":{"allow":["GET"]}}],"collection":[{"href":"https:\/\/rakelcraft.com\/index.php\/wp-json\/wp\/v2\/pages"}],"about":[{"href":"https:\/\/rakelcraft.com\/index.php\/wp-json\/wp\/v2\/types\/page"}],"author":[{"embeddable":true,"href":"https:\/\/rakelcraft.com\/index.php\/wp-json\/wp\/v2\/users\/1"}],"replies":[{"embeddable":true,"href":"https:\/\/rakelcraft.com\/index.php\/wp-json\/wp\/v2\/comments?post=214"}],"version-history":[{"count":10,"href":"https:\/\/rakelcraft.com\/index.php\/wp-json\/wp\/v2\/pages\/214\/revisions"}],"predecessor-version":[{"id":1026,"href":"https:\/\/rakelcraft.com\/index.php\/wp-json\/wp\/v2\/pages\/214\/revisions\/1026"}],"wp:attachment":[{"href":"https:\/\/rakelcraft.com\/index.php\/wp-json\/wp\/v2\/media?parent=214"}],"curies":[{"name":"wp","href":"https:\/\/api.w.org\/{rel}","templated":true}]}}